{"id":1938,"date":"2019-09-04T11:17:54","date_gmt":"2019-09-04T09:17:54","guid":{"rendered":"https:\/\/www.masarimany.com\/legal-notice-and-terms-of-use\/"},"modified":"2024-04-25T12:39:48","modified_gmt":"2024-04-25T10:39:48","slug":"legal-notice-and-terms-of-use","status":"publish","type":"page","link":"https:\/\/www.masarimany.com\/en\/legal-notice-and-terms-of-use\/","title":{"rendered":"Legal Notice and Terms of Use"},"content":{"rendered":"\n<h4 class=\"wp-block-heading\"><strong>DADES DEL TITULAR <\/strong><br\/>TITULAR: Ramaderia Mund\u00f3 SL<br\/><strong>DOMICILI:<\/strong> Casa Mund\u00f3 SN<br\/><strong>CIF: B<\/strong>60711058<br\/><strong>NOM COMERCIAL:<\/strong> Mas Arimany<br\/><strong>ADRE\u00c7A DE CORREU ELECTR\u00d2NIC:<\/strong> info@masarimany.com<br\/><strong>TEL\u00c8FON:<\/strong> 691 856 389<\/h4>\n\n<p>L&#8217;acc\u00e9s a la p\u00e0gina Web per part de l&#8217;usuari \u00e9s gratu\u00eft i est\u00e0 condicionat a la pr\u00e8via lectura i acceptaci\u00f3 \u00cdntegra, expressa i sense reserves de les presents condicions d\u2019\u00fas vigents en el moment de l&#8217;acc\u00e9s. L\u2019acc\u00e9s al lloc web implica l\u2019acceptaci\u00f3 de tots els termes inclosos en aquest Av\u00eds Legal. En cas que l\u2019usuari no estigui d\u2019acord amb alguna de les condicions indicades en aquest av\u00eds, s\u2019haur\u00e0 de deixar d\u2019utilitzar el lloc web.  <\/p>\n\n<p>La informaci\u00f3 continguda en aquesta p\u00e0gina web fa refer\u00e8ncia als serveis prestats per Rama S.L. La informaci\u00f3 publicada nom\u00e9s \u00e9s a efectes enunciatius i de cap manera constitueix una oferta vinculant que obligui l&#8217;usuari a contractar un dels nostres serveis. Consultoria l\u2019Era es reserva el dret de modificar la informaci\u00f3 aqu\u00ed continguda quan ho consideri convenient i sense av\u00eds previ, i no \u00e9s responsable de l&#8217;exactitud, insufici\u00e8ncia o autenticitat de la informaci\u00f3 subministrada. <\/p>\n\n<p>Alhora, es reserva el dret a modificar el contingut del present document de Condicions d&#8217;\u00fas del web. Per tant, l&#8217;Usuari ha de llegir atentament aquest document en cadascuna de les ocasions en qu\u00e8 es proposi utilitzar el lloc web, ja que aquest i les seves condicions d&#8217;\u00fas recollides a les presents Condicions d&#8217;\u00fas de la Web poden patir modificacions. <\/p>\n\n<h4 class=\"wp-block-heading\"><strong><u>CONDICIONS D\u2019\u00daS DE LA WEB<\/u><\/strong><\/h4>\n\n<p><strong>Condicions d\u2019\u00fas<\/strong><\/p>\n\n<p>Amb el simple acc\u00e9s, navegaci\u00f3 o utilitzaci\u00f3 de la p\u00e0gina web, es t\u00e9 la condici\u00f3 d&#8217;usuari. L&#8217;usuari accepta de forma plena i sense cap tipus de reserva les condicions contingudes a les presents Condicions. <\/p>\n\n<p>L&#8217;usuari es compromet a utilitzar el lloc web juntament amb els seus serveis i continguts, de manera l\u00edcita, d&#8217;acord amb la legislaci\u00f3 vigent, els usos generalment acceptats, la bona fe i l&#8217;ordre p\u00fablic. L&#8217;usuari es compromet a no fer accions que puguin causar danys a la p\u00e0gina web, inutilitzant-la, sobrecarregant-la o deteriorant-la de qualsevol manera, o impedint als altres usuaris el lliure acc\u00e9s, utilitzaci\u00f3 o gaudi de la p\u00e0gina web. <\/p>\n\n<h4 class=\"wp-block-heading\"><strong>Propietat Intel\u00b7lectual<\/strong><\/h4>\n\n<p>Mas Arimany S.L \u00e9s titular dels drets de propietat intel\u00b7lectual i industrial d&#8217;aquesta p\u00e0gina web i de tots els seus continguts (a t\u00edtol merament enunciatiu: marca i logotip, textos, fotografies i altres continguts audiovisuals, disseny gr\u00e0fic, etc.). L&#8217;acc\u00e9s a la navegaci\u00f3 per l&#8217;\u00fas d&#8217;aquest lloc web per part de l&#8217;usuari no impliquen en cap cas ren\u00fancia, transmissi\u00f3, llic\u00e8ncia ni cessi\u00f3 total o parcial d&#8217;aquells. <\/p>\n\n<p>Queda prohibit reproduir, modificar, reutilitzar, explotar, comunicar p\u00fablicament, carregar arxius, enviar per correu, transmetre, utilitzar, tractar o distribuir de qualsevol manera la totalitat o part dels continguts inclosos en aquesta p\u00e0gina web per a prop\u00f2sits p\u00fablics o comercials, si no es compta amb l&#8217;autoritzaci\u00f3 expressa i per escrit de Mas Arimany S.L.<\/p>\n\n<h4 class=\"wp-block-heading\"><strong>Enlla\u00e7os externs<\/strong><\/h4>\n\n<p>La funci\u00f3 dels enlla\u00e7os que apareixen en aquest lloc web \u00e9s exclusivament la de proporcionar informaci\u00f3 als usuaris i als clients sobre l\u2019exist\u00e8ncia d\u2019altres fonts d\u2019informaci\u00f3. Mas Arimany S.L no ser\u00e0 responsable del resultat obtingut a trav\u00e9s dels mencionats enlla\u00e7os. <\/p>\n\n<p>En tot cas Mas Arimany S.L no assumeix la responsabilitat derivada dels continguts enlla\u00e7ats des d\u2019aquest lloc web, ni pot garantir l\u2019abs\u00e8ncia de virus o altres elements en els mateixos que puguin produir alteracions en el sistema inform\u00e0tic (hardware i software), en els documents o els fitxers de l\u2019usuari, excloent qualsevol responsabilitat pels danys de qualsevol tipus causats a l\u2019usuari per aquest motiu.<\/p>\n\n<p><strong>Enlla\u00e7os de tercers<\/strong><\/p>\n\n<p>La realitzaci\u00f3 d\u2019un enlla\u00e7 des del vostre lloc web cap al nostre lloc web implica que qui ho fa, accepta i s\u2019adhereix sense reserves a les condicions generals d&#8217;\u00fas del servei, a tots als altres termes i condicions del servei d\u2019aquest espai web.<\/p>\n\n<p>Exclusivament es permet l\u2019enlla\u00e7 cap a l\u2019adre\u00e7a del lloc web. Qualsevol altre enlla\u00e7 inicial cap un nivell inferior, requerir\u00e0 del consentiment expr\u00e9s i per escrit de Mas Arimany S.L. <\/p>\n\n<p>Queda expressament prohibit establir marcs de qualsevol tipus que enmascarin la p\u00e0gina web o que permetin la visualitzaci\u00f3 de la informaci\u00f3, activitats, serveis o productes a trav\u00e9s de direccions d\u2019Internet diferents a les del present lloc web.<\/p>\n\n<p>L\u2019enlla\u00e7 o el lloc web d\u2019enlla\u00e7, no podr\u00e0 desenvolupar activitats o col\u00b7locar dispositius que siguin contraris a les lleis, la moral o l\u2019ordre p\u00fablic.<\/p>\n\n<p><strong>Suspensi\u00f3<\/strong><\/p>\n\n<p>Mas Arimany S.L es reserva el dret a suspendre, modificar, restringir o interrompre, ja sigui temporal o permanentment, l\u2019acc\u00e9s, navegaci\u00f3, \u00fas, allotjament i\/o desc\u00e0rrega del contingut i\/o \u00fas de serveis de la web, actualitzaci\u00f3 o millora dels serveis, amb o sense pr\u00e8via notificaci\u00f3, sense que hi hagi la possibilitat de l\u2019Usuari d\u2019exigir cap indemnitzaci\u00f3 per aquesta causa.<\/p>\n\n<p><strong>Exclusi\u00f3 de Responsabilitat<\/strong><\/p>\n\n<p>La responsabilitat en l&#8217;\u00fas d&#8217;aquest lloc web correspon de forma \u00fanica i exclusiva a l&#8217;Usuari.<\/p>\n\n<p>Mas Arimany S.L no es fa responsable, en cap cas, dels danys i perjudicis de qualsevol naturalesa que poguessin causar-se per:<\/p>\n\n<ol class=\"wp-block-list\" start=\"1\">\n<li>La no disponibilitat, manteniment i funcionament del Lloc web o dels seus serveis o continguts, ja que requereix subministraments i serveis de tercers.<\/li>\n\n\n\n<li>Els errors i omissions en la informaci\u00f3 publicada, aix\u00ed com la manca dutilitat, adequaci\u00f3 o validesa del lloc web o dels seus serveis o continguts per satisfer necessitats, activitats o resultats concrets o expectatives dels Usuaris.<\/li>\n<\/ol>\n\n<p>L&#8217;acc\u00e9s al Portal no implica l&#8217;obligaci\u00f3 per part de Mas Arimany S.L de controlar l&#8217;abs\u00e8ncia de virus o qualsevol altre element inform\u00e0tic nociu. Correspon a l&#8217;Usuari, en tot cas, la disponibilitat d&#8217;eines adequades per a la detecci\u00f3 i la desinfecci\u00f3 de programes inform\u00e0tics perjudicials. Mas Arimany S.L no es responsabilitza dels danys produ\u00efts als equips inform\u00e0tics dels Usuaris o de tercers durant l&#8217;\u00fas del lloc web.  <\/p>\n\n<p><strong>Protecci\u00f3 de dades personals.<\/strong><\/p>\n\n<p>Les dades personals vinculades a aquest lloc web respecten les exig\u00e8ncies del Reglament General de Protecci\u00f3 de Dades i de la legislaci\u00f3 i normativa vigent en mat\u00e8ria de protecci\u00f3 de dades personals.<\/p>\n\n<p>Mas Arimany S.L tractar\u00e0 les dades de car\u00e0cter personal que es recullin a trav\u00e9s d\u2019aquest lloc web complint la normativa del Reglament General de Protecci\u00f3 de Dades i la normativa espanyola vigent sobre protecci\u00f3 de dades. Aix\u00ed la remissi\u00f3 de dades per els interessats \u00e9s absolutament volunt\u00e0ria i es remet a la Pol\u00edtica de Privacitat en cadascun dels formularis. <\/p>\n\n<p><strong>Llei i Jurisdicci\u00f3 Aplicable<\/strong><\/p>\n\n<p>Les presents Condicions d\u2019\u00das es regeixen per la normativa espanyola vigent que li \u00e9s d\u2019aplicaci\u00f3.<\/p>\n\n<p>Per a la resoluci\u00f3 de totes les controv\u00e8rsies o q\u00fcestions relacionades amb la present web, s\u2019aplicar\u00e0 la legislaci\u00f3 espanyola, a la qual se sotmeten expressament les parts, essent competents per a la resoluci\u00f3 de totes les controv\u00e8rsies que poguessin derivar-se com a conseq\u00fc\u00e8ncia del que disposen les presents disposicions, els Jutjats i Tribunals de la ciutat de Vic.<\/p>\n\n<p><strong>Cookies<\/strong> <\/p>\n\n<p>Mas Arimany S.L utilitza cookies quan l\u2019Usuari navega per les diferents pantalles del lloc web. Aquestes cookies s\u2019emmagatzemen al disc dur de l\u2019Usuari per\u00f2 no poden llegir les dades contingudes en aquell ni llegir els arxius de tipus cookie que han creat altres prove\u00efdors. No obstant, l\u2019usuari podr\u00e0 impedir l\u2019emmagatzematge de cookies configurant les opcions del seu navegador. Consultoria l\u2019Era, S.L utilitza cookies amb la finalitat de recon\u00e8ixer als usuaris que s\u2019hagin registrat i facilitar la seva navegaci\u00f3, alhora que proporcionen informaci\u00f3 sobre la data i hora de l\u2019\u00faltima visita de l\u2019usuari, mesurant alguns par\u00e0metres de tr\u00e0fic dins el propi Lloc Web i fent una estimaci\u00f3 de les visites rebudes, permetent a Mas Arimany S.L enfocar i ajustar els serveis que proporciona a trav\u00e9s d\u2019aquest espai de la forma m\u00e9s efectiva.   <\/p>\n","protected":false},"excerpt":{"rendered":"<p>DADES DEL TITULAR TITULAR: Ramaderia Mund\u00f3 SLDOMICILI: Casa Mund\u00f3 SNCIF: B60711058NOM COMERCIAL: Mas ArimanyADRE\u00c7A DE CORREU ELECTR\u00d2NIC: info@masarimany.comTEL\u00c8FON: 691 856 389 L&#8217;acc\u00e9s a la p\u00e0gina Web per part de l&#8217;usuari \u00e9s gratu\u00eft i est\u00e0 condicionat a la pr\u00e8via lectura i acceptaci\u00f3 \u00cdntegra, expressa i sense reserves de les presents condicions d\u2019\u00fas vigents en el moment [&hellip;]<\/p>\n","protected":false},"author":1,"featured_media":0,"parent":0,"menu_order":0,"comment_status":"closed","ping_status":"closed","template":"","meta":{"inline_featured_image":false,"footnotes":""},"class_list":["post-1938","page","type-page","status-publish","hentry"],"yoast_head":"<!-- This site is optimized with the Yoast SEO plugin v23.0 - https:\/\/yoast.com\/wordpress\/plugins\/seo\/ -->\n<title>Legal Notice and Terms of Use - Mas Arimany<\/title>\n<meta name=\"robots\" content=\"index, follow, max-snippet:-1, max-image-preview:large, max-video-preview:-1\" \/>\n<link rel=\"canonical\" href=\"https:\/\/www.masarimany.com\/en\/legal-notice-and-terms-of-use\/\" \/>\n<meta property=\"og:locale\" content=\"en_US\" \/>\n<meta property=\"og:type\" content=\"article\" \/>\n<meta property=\"og:title\" content=\"Legal Notice and Terms of Use - Mas Arimany\" \/>\n<meta property=\"og:description\" content=\"DADES DEL TITULAR TITULAR: Ramaderia Mund\u00f3 SLDOMICILI: Casa Mund\u00f3 SNCIF: B60711058NOM COMERCIAL: Mas ArimanyADRE\u00c7A DE CORREU ELECTR\u00d2NIC: info@masarimany.comTEL\u00c8FON: 691 856 389 L&#8217;acc\u00e9s a la p\u00e0gina Web per part de l&#8217;usuari \u00e9s gratu\u00eft i est\u00e0 condicionat a la pr\u00e8via lectura i acceptaci\u00f3 \u00cdntegra, expressa i sense reserves de les presents condicions d\u2019\u00fas vigents en el moment [&hellip;]\" \/>\n<meta property=\"og:url\" content=\"https:\/\/www.masarimany.com\/en\/legal-notice-and-terms-of-use\/\" \/>\n<meta property=\"og:site_name\" content=\"Mas Arimany\" \/>\n<meta property=\"article:modified_time\" content=\"2024-04-25T10:39:48+00:00\" \/>\n<meta name=\"twitter:card\" content=\"summary_large_image\" \/>\n<meta name=\"twitter:label1\" content=\"Est. reading time\" \/>\n\t<meta name=\"twitter:data1\" content=\"7 minutes\" \/>\n<script type=\"application\/ld+json\" class=\"yoast-schema-graph\">{\"@context\":\"https:\/\/schema.org\",\"@graph\":[{\"@type\":\"WebPage\",\"@id\":\"https:\/\/www.masarimany.com\/en\/legal-notice-and-terms-of-use\/\",\"url\":\"https:\/\/www.masarimany.com\/en\/legal-notice-and-terms-of-use\/\",\"name\":\"Legal Notice and Terms of Use - Mas Arimany\",\"isPartOf\":{\"@id\":\"https:\/\/www.masarimany.com\/en\/#website\"},\"datePublished\":\"2019-09-04T09:17:54+00:00\",\"dateModified\":\"2024-04-25T10:39:48+00:00\",\"breadcrumb\":{\"@id\":\"https:\/\/www.masarimany.com\/en\/legal-notice-and-terms-of-use\/#breadcrumb\"},\"inLanguage\":\"en-US\",\"potentialAction\":[{\"@type\":\"ReadAction\",\"target\":[\"https:\/\/www.masarimany.com\/en\/legal-notice-and-terms-of-use\/\"]}]},{\"@type\":\"BreadcrumbList\",\"@id\":\"https:\/\/www.masarimany.com\/en\/legal-notice-and-terms-of-use\/#breadcrumb\",\"itemListElement\":[{\"@type\":\"ListItem\",\"position\":1,\"name\":\"Inici\",\"item\":\"https:\/\/www.masarimany.com\/en\/\"},{\"@type\":\"ListItem\",\"position\":2,\"name\":\"Legal Notice and Terms of Use\"}]},{\"@type\":\"WebSite\",\"@id\":\"https:\/\/www.masarimany.com\/en\/#website\",\"url\":\"https:\/\/www.masarimany.com\/en\/\",\"name\":\"Mas Arimany\",\"description\":\"Mas Arimany\",\"publisher\":{\"@id\":\"https:\/\/www.masarimany.com\/en\/#organization\"},\"potentialAction\":[{\"@type\":\"SearchAction\",\"target\":{\"@type\":\"EntryPoint\",\"urlTemplate\":\"https:\/\/www.masarimany.com\/en\/?s={search_term_string}\"},\"query-input\":\"required name=search_term_string\"}],\"inLanguage\":\"en-US\"},{\"@type\":\"Organization\",\"@id\":\"https:\/\/www.masarimany.com\/en\/#organization\",\"name\":\"Mas Arimany\",\"url\":\"https:\/\/www.masarimany.com\/en\/\",\"logo\":{\"@type\":\"ImageObject\",\"inLanguage\":\"en-US\",\"@id\":\"https:\/\/www.masarimany.com\/en\/#\/schema\/logo\/image\/\",\"url\":\"https:\/\/www.masarimany.com\/wp-content\/uploads\/2024\/01\/cropped-MAS-ARIMANY_Logo-Ok-scaled-1.jpg\",\"contentUrl\":\"https:\/\/www.masarimany.com\/wp-content\/uploads\/2024\/01\/cropped-MAS-ARIMANY_Logo-Ok-scaled-1.jpg\",\"width\":2559,\"height\":388,\"caption\":\"Mas Arimany\"},\"image\":{\"@id\":\"https:\/\/www.masarimany.com\/en\/#\/schema\/logo\/image\/\"}}]}<\/script>\n<!-- \/ Yoast SEO plugin. -->","yoast_head_json":{"title":"Legal Notice and Terms of Use - Mas Arimany","robots":{"index":"index","follow":"follow","max-snippet":"max-snippet:-1","max-image-preview":"max-image-preview:large","max-video-preview":"max-video-preview:-1"},"canonical":"https:\/\/www.masarimany.com\/en\/legal-notice-and-terms-of-use\/","og_locale":"en_US","og_type":"article","og_title":"Legal Notice and Terms of Use - Mas Arimany","og_description":"DADES DEL TITULAR TITULAR: Ramaderia Mund\u00f3 SLDOMICILI: Casa Mund\u00f3 SNCIF: B60711058NOM COMERCIAL: Mas ArimanyADRE\u00c7A DE CORREU ELECTR\u00d2NIC: info@masarimany.comTEL\u00c8FON: 691 856 389 L&#8217;acc\u00e9s a la p\u00e0gina Web per part de l&#8217;usuari \u00e9s gratu\u00eft i est\u00e0 condicionat a la pr\u00e8via lectura i acceptaci\u00f3 \u00cdntegra, expressa i sense reserves de les presents condicions d\u2019\u00fas vigents en el moment [&hellip;]","og_url":"https:\/\/www.masarimany.com\/en\/legal-notice-and-terms-of-use\/","og_site_name":"Mas Arimany","article_modified_time":"2024-04-25T10:39:48+00:00","twitter_card":"summary_large_image","twitter_misc":{"Est. reading time":"7 minutes"},"schema":{"@context":"https:\/\/schema.org","@graph":[{"@type":"WebPage","@id":"https:\/\/www.masarimany.com\/en\/legal-notice-and-terms-of-use\/","url":"https:\/\/www.masarimany.com\/en\/legal-notice-and-terms-of-use\/","name":"Legal Notice and Terms of Use - Mas Arimany","isPartOf":{"@id":"https:\/\/www.masarimany.com\/en\/#website"},"datePublished":"2019-09-04T09:17:54+00:00","dateModified":"2024-04-25T10:39:48+00:00","breadcrumb":{"@id":"https:\/\/www.masarimany.com\/en\/legal-notice-and-terms-of-use\/#breadcrumb"},"inLanguage":"en-US","potentialAction":[{"@type":"ReadAction","target":["https:\/\/www.masarimany.com\/en\/legal-notice-and-terms-of-use\/"]}]},{"@type":"BreadcrumbList","@id":"https:\/\/www.masarimany.com\/en\/legal-notice-and-terms-of-use\/#breadcrumb","itemListElement":[{"@type":"ListItem","position":1,"name":"Inici","item":"https:\/\/www.masarimany.com\/en\/"},{"@type":"ListItem","position":2,"name":"Legal Notice and Terms of Use"}]},{"@type":"WebSite","@id":"https:\/\/www.masarimany.com\/en\/#website","url":"https:\/\/www.masarimany.com\/en\/","name":"Mas Arimany","description":"Mas Arimany","publisher":{"@id":"https:\/\/www.masarimany.com\/en\/#organization"},"potentialAction":[{"@type":"SearchAction","target":{"@type":"EntryPoint","urlTemplate":"https:\/\/www.masarimany.com\/en\/?s={search_term_string}"},"query-input":"required name=search_term_string"}],"inLanguage":"en-US"},{"@type":"Organization","@id":"https:\/\/www.masarimany.com\/en\/#organization","name":"Mas Arimany","url":"https:\/\/www.masarimany.com\/en\/","logo":{"@type":"ImageObject","inLanguage":"en-US","@id":"https:\/\/www.masarimany.com\/en\/#\/schema\/logo\/image\/","url":"https:\/\/www.masarimany.com\/wp-content\/uploads\/2024\/01\/cropped-MAS-ARIMANY_Logo-Ok-scaled-1.jpg","contentUrl":"https:\/\/www.masarimany.com\/wp-content\/uploads\/2024\/01\/cropped-MAS-ARIMANY_Logo-Ok-scaled-1.jpg","width":2559,"height":388,"caption":"Mas Arimany"},"image":{"@id":"https:\/\/www.masarimany.com\/en\/#\/schema\/logo\/image\/"}}]}},"_links":{"self":[{"href":"https:\/\/www.masarimany.com\/en\/wp-json\/wp\/v2\/pages\/1938","targetHints":{"allow":["GET"]}}],"collection":[{"href":"https:\/\/www.masarimany.com\/en\/wp-json\/wp\/v2\/pages"}],"about":[{"href":"https:\/\/www.masarimany.com\/en\/wp-json\/wp\/v2\/types\/page"}],"author":[{"embeddable":true,"href":"https:\/\/www.masarimany.com\/en\/wp-json\/wp\/v2\/users\/1"}],"replies":[{"embeddable":true,"href":"https:\/\/www.masarimany.com\/en\/wp-json\/wp\/v2\/comments?post=1938"}],"version-history":[{"count":1,"href":"https:\/\/www.masarimany.com\/en\/wp-json\/wp\/v2\/pages\/1938\/revisions"}],"predecessor-version":[{"id":1939,"href":"https:\/\/www.masarimany.com\/en\/wp-json\/wp\/v2\/pages\/1938\/revisions\/1939"}],"wp:attachment":[{"href":"https:\/\/www.masarimany.com\/en\/wp-json\/wp\/v2\/media?parent=1938"}],"curies":[{"name":"wp","href":"https:\/\/api.w.org\/{rel}","templated":true}]}}